{"id":108,"date":"2023-01-03T13:24:33","date_gmt":"2023-01-03T12:24:33","guid":{"rendered":"https:\/\/psicologa-aversa.it\/?page_id=108"},"modified":"2023-01-07T13:45:28","modified_gmt":"2023-01-07T12:45:28","slug":"sostegno-alla-genitorialita-e-maternita","status":"publish","type":"page","link":"https:\/\/psicologa-aversa.it\/index.php\/sostegno-alla-genitorialita-e-maternita\/","title":{"rendered":"Sostegno alla genitorialit\u00e0 e maternit\u00e0"},"content":{"rendered":"\n<div class=\"wp-block-group alignfull has-background is-layout-flow wp-block-group-is-layout-flow\" style=\"background-color:#f8f4e4\">\n<div class=\"wp-block-columns alignwide is-layout-flex wp-container-core-columns-is-layout-7387b849 wp-block-columns-is-layout-flex\">\n<div class=\"wp-block-column is-layout-flow wp-block-column-is-layout-flow\">\n<div style=\"height:5px\" aria-hidden=\"true\" class=\"wp-block-spacer\"><\/div>\n<\/div>\n<\/div>\n\n\n\n<div class=\"wp-block-columns alignwide is-layout-flex wp-container-core-columns-is-layout-7387b849 wp-block-columns-is-layout-flex\">\n<div class=\"wp-block-column is-layout-flow wp-block-column-is-layout-flow\" style=\"flex-basis:33.38%\">\n<p class=\"wp-block-paragraph\">Essere genitori \u00e8 un lavoro a cui nessuno ti prepara. Sia che l&#8217;hai desiderato con tutto te stesso, sia che sia arrivato all&#8217;improvviso senza preavviso, l&#8217;arrivo di un bambino scombussola ogni cosa.<br>Non esiste pi\u00f9 un io o un noi come coppia, ma esiste il figlio che porta con s\u00e9 <strong>nuovi modi di amare<\/strong>, <strong>nuove dinamiche<\/strong>, <strong>nuovi modi di stare al mondo.<\/strong><\/p>\n\n\n\n<p class=\"wp-block-paragraph\">Mi occupo di aiutare i genitori ad <strong>affrontare <\/strong>e <strong>risolvere<\/strong> al meglio le problematiche che possono sorgere con i loro figli durante il corso della vita, per eventi specifici o durante determinate fasi della vita, quale ad esempio l&#8217;adolescenza.<\/p>\n<\/div>\n\n\n\n<div class=\"wp-block-column is-layout-flow wp-block-column-is-layout-flow\" style=\"flex-basis:33%\">\n<div style=\"height:100px\" aria-hidden=\"true\" class=\"wp-block-spacer\"><\/div>\n\n\n\n<figure class=\"wp-block-image size-large\"><img loading=\"lazy\" decoding=\"async\" width=\"1024\" height=\"683\" src=\"https:\/\/psicologa-aversa.it\/wp-content\/uploads\/2023\/01\/pregnancy-gfaed3a73d_1920-1024x683.jpg\" alt=\"\" class=\"wp-image-237\" srcset=\"https:\/\/psicologa-aversa.it\/wp-content\/uploads\/2023\/01\/pregnancy-gfaed3a73d_1920-1024x683.jpg 1024w, https:\/\/psicologa-aversa.it\/wp-content\/uploads\/2023\/01\/pregnancy-gfaed3a73d_1920-300x200.jpg 300w, https:\/\/psicologa-aversa.it\/wp-content\/uploads\/2023\/01\/pregnancy-gfaed3a73d_1920-768x512.jpg 768w, https:\/\/psicologa-aversa.it\/wp-content\/uploads\/2023\/01\/pregnancy-gfaed3a73d_1920-1536x1024.jpg 1536w, https:\/\/psicologa-aversa.it\/wp-content\/uploads\/2023\/01\/pregnancy-gfaed3a73d_1920.jpg 1920w\" sizes=\"auto, (max-width: 1024px) 100vw, 1024px\" \/><\/figure>\n<\/div>\n\n\n\n<div class=\"wp-block-column is-layout-flow wp-block-column-is-layout-flow\" style=\"flex-basis:33.62%\">\n<figure class=\"wp-block-image size-large\"><img loading=\"lazy\" decoding=\"async\" width=\"1024\" height=\"683\" src=\"https:\/\/psicologa-aversa.it\/wp-content\/uploads\/2023\/01\/pexels-kristina-paukshtite-3270224-3-1024x683.jpg\" alt=\"\" class=\"wp-image-236\" srcset=\"https:\/\/psicologa-aversa.it\/wp-content\/uploads\/2023\/01\/pexels-kristina-paukshtite-3270224-3-1024x683.jpg 1024w, https:\/\/psicologa-aversa.it\/wp-content\/uploads\/2023\/01\/pexels-kristina-paukshtite-3270224-3-300x200.jpg 300w, https:\/\/psicologa-aversa.it\/wp-content\/uploads\/2023\/01\/pexels-kristina-paukshtite-3270224-3-768x512.jpg 768w, https:\/\/psicologa-aversa.it\/wp-content\/uploads\/2023\/01\/pexels-kristina-paukshtite-3270224-3-1536x1024.jpg 1536w, https:\/\/psicologa-aversa.it\/wp-content\/uploads\/2023\/01\/pexels-kristina-paukshtite-3270224-3-2048x1365.jpg 2048w\" sizes=\"auto, (max-width: 1024px) 100vw, 1024px\" \/><\/figure>\n<\/div>\n<\/div>\n\n\n\n<div class=\"wp-block-columns alignwide is-layout-flex wp-container-core-columns-is-layout-7387b849 wp-block-columns-is-layout-flex\">\n<div class=\"wp-block-column is-layout-flow wp-block-column-is-layout-flow\" style=\"flex-basis:67%\">\n<figure class=\"wp-block-image alignright size-large\"><img loading=\"lazy\" decoding=\"async\" width=\"1024\" height=\"683\" src=\"https:\/\/psicologa-aversa.it\/wp-content\/uploads\/2023\/01\/beach-gf8b45ec0a_1920-3-1024x683.jpg\" alt=\"\" class=\"wp-image-226\" srcset=\"https:\/\/psicologa-aversa.it\/wp-content\/uploads\/2023\/01\/beach-gf8b45ec0a_1920-3-1024x683.jpg 1024w, https:\/\/psicologa-aversa.it\/wp-content\/uploads\/2023\/01\/beach-gf8b45ec0a_1920-3-300x200.jpg 300w, https:\/\/psicologa-aversa.it\/wp-content\/uploads\/2023\/01\/beach-gf8b45ec0a_1920-3-768x512.jpg 768w, https:\/\/psicologa-aversa.it\/wp-content\/uploads\/2023\/01\/beach-gf8b45ec0a_1920-3-1536x1024.jpg 1536w, https:\/\/psicologa-aversa.it\/wp-content\/uploads\/2023\/01\/beach-gf8b45ec0a_1920-3.jpg 1920w\" sizes=\"auto, (max-width: 1024px) 100vw, 1024px\" \/><\/figure>\n<\/div>\n\n\n\n<div class=\"wp-block-column is-vertically-aligned-center is-layout-flow wp-block-column-is-layout-flow\" style=\"flex-basis:33%\">\n<p class=\"wp-block-paragraph\">Accompagno la <strong>futura mamma<\/strong> nel modo pi\u00f9 sereno possibile durante il periodo di attesa del nascituro e nei primi mesi di vita.<br>Supporto le donne nelle possibili <strong><em>difficolt\u00e0 e fragilit\u00e0 post-partum.<\/em><\/strong><\/p>\n\n\n\n<p class=\"wp-block-paragraph\">Bisogna sempre ricordare che dietro il genitore c&#8217;\u00e8 la persona che porta con s\u00e9 la <strong>sua storia personale<\/strong>, i suoi <strong>modelli educativi<\/strong> , le sue <strong>fragilit\u00e0 e personalit\u00e0<\/strong>.<br>Ed \u00e8 per questo che la genitorialit\u00e0 <strong>pu\u00f2 e deve essere supportata,<\/strong> affinch\u00e9 si possa diventare pi\u00f9 consapevoli del <strong>proprio ruolo e del proprio stile educativo.<\/strong><\/p>\n\n\n\n<blockquote class=\"wp-block-quote is-layout-flow wp-block-quote-is-layout-flow\">\n<p class=\"wp-block-paragraph\">E&#8217; vero, essere genitori \u00e8 un lavoro a cui nessuno ti prepara, ma si pu\u00f2 rimediare.<\/p>\n<\/blockquote>\n<\/div>\n<\/div>\n<\/div>\n\n\n\n<div id=\"wp-block-themeisle-blocks-advanced-columns-2c60bc77\" class=\"wp-block-themeisle-blocks-advanced-columns alignfull has-1-columns has-desktop-equal-layout has-tablet-equal-layout has-mobile-equal-layout has-vertical-center ticss-c00aadba\"><div class=\"wp-block-themeisle-blocks-advanced-columns-overlay\"><\/div><div class=\"innerblocks-wrap\">\n<div id=\"wp-block-themeisle-blocks-advanced-column-75b9263d\" class=\"wp-block-themeisle-blocks-advanced-column\">\n<div style=\"height:100px\" aria-hidden=\"true\" class=\"wp-block-spacer\"><\/div>\n\n\n\n<h1 id=\"wp-block-themeisle-blocks-advanced-heading-5d5675df\" class=\"wp-block-themeisle-blocks-advanced-heading wp-block-themeisle-blocks-advanced-heading-5d5675df\">Per qualsiasi informazione, scrivimi<\/h1>\n\n\n\n<p id=\"wp-block-themeisle-blocks-advanced-heading-40ecd43d\" class=\"wp-block-themeisle-blocks-advanced-heading wp-block-themeisle-blocks-advanced-heading-40ecd43d\"><em>Ti aspetto!<\/em><\/p>\n\n\n\n<div class=\"wp-block-buttons is-content-justification-center is-layout-flex wp-container-core-buttons-is-layout-3e41869c wp-block-buttons-is-layout-flex\">\n<div class=\"wp-block-button is-style-primary\"><a class=\"wp-block-button__link wp-element-button\" href=\"https:\/\/wa.me\/393755716896\">Contattami<\/a><\/div>\n<\/div>\n\n\n\n<div style=\"height:100px\" aria-hidden=\"true\" class=\"wp-block-spacer\"><\/div>\n<\/div>\n<\/div><\/div>\n\n\n<h3 class=\"has-text-align-center wp-block-site-title\"><a href=\"https:\/\/psicologa-aversa.it\" target=\"_self\" rel=\"home\">Psicologa Aversa &#8211; Assunta Sagliocco<\/a><\/h3>","protected":false},"excerpt":{"rendered":"<p>Essere genitori \u00e8 un lavoro a cui nessuno ti prepara. Sia che l&#8217;hai desiderato con tutto te stesso, sia che sia arrivato all&#8217;improvviso senza preavviso, l&#8217;arrivo di un bambino scombussola ogni cosa.Non esiste pi\u00f9 un io o un noi come coppia, ma esiste il figlio che porta con s\u00e9 nuovi modi di amare, nuove dinamiche, [&hellip;]<\/p>\n","protected":false},"author":1,"featured_media":0,"parent":0,"menu_order":0,"comment_status":"closed","ping_status":"closed","template":"","meta":{"_bbp_topic_count":0,"_bbp_reply_count":0,"_bbp_total_topic_count":0,"_bbp_total_reply_count":0,"_bbp_voice_count":0,"_bbp_anonymous_reply_count":0,"_bbp_topic_count_hidden":0,"_bbp_reply_count_hidden":0,"_bbp_forum_subforum_count":0,"_crdt_document":"","_themeisle_gutenberg_block_has_review":false,"footnotes":""},"class_list":["post-108","page","type-page","status-publish","hentry"],"yoast_head":"<!-- This site is optimized with the Yoast SEO plugin v27.4 - https:\/\/yoast.com\/product\/yoast-seo-wordpress\/ -->\n<title>Sostegno alla genitorialit\u00e0 e maternit\u00e0 - Psicologa Aversa - Assunta Sagliocco<\/title>\n<meta name=\"robots\" content=\"index, follow, max-snippet:-1, max-image-preview:large, max-video-preview:-1\" \/>\n<link rel=\"canonical\" href=\"https:\/\/psicologa-aversa.it\/index.php\/sostegno-alla-genitorialita-e-maternita\/\" \/>\n<meta property=\"og:locale\" content=\"it_IT\" \/>\n<meta property=\"og:type\" content=\"article\" \/>\n<meta property=\"og:title\" content=\"Sostegno alla genitorialit\u00e0 e maternit\u00e0 - Psicologa Aversa - Assunta Sagliocco\" \/>\n<meta property=\"og:description\" content=\"Essere genitori \u00e8 un lavoro a cui nessuno ti prepara. Sia che l&#8217;hai desiderato con tutto te stesso, sia che sia arrivato all&#8217;improvviso senza preavviso, l&#8217;arrivo di un bambino scombussola ogni cosa.Non esiste pi\u00f9 un io o un noi come coppia, ma esiste il figlio che porta con s\u00e9 nuovi modi di amare, nuove dinamiche, [&hellip;]\" \/>\n<meta property=\"og:url\" content=\"https:\/\/psicologa-aversa.it\/index.php\/sostegno-alla-genitorialita-e-maternita\/\" \/>\n<meta property=\"og:site_name\" content=\"Psicologa Aversa - Assunta Sagliocco\" \/>\n<meta property=\"article:publisher\" content=\"https:\/\/www.facebook.com\/profile.php?id=100086360235841\" \/>\n<meta property=\"article:modified_time\" content=\"2023-01-07T12:45:28+00:00\" \/>\n<meta property=\"og:image\" content=\"https:\/\/psicologa-aversa.it\/wp-content\/uploads\/2023\/01\/pregnancy-gfaed3a73d_1920-1024x683.jpg\" \/>\n<meta name=\"twitter:card\" content=\"summary_large_image\" \/>\n<meta name=\"twitter:label1\" content=\"Tempo di lettura stimato\" \/>\n\t<meta name=\"twitter:data1\" content=\"1 minuto\" \/>\n<script type=\"application\/ld+json\" class=\"yoast-schema-graph\">{\"@context\":\"https:\\\/\\\/schema.org\",\"@graph\":[{\"@type\":\"WebPage\",\"@id\":\"https:\\\/\\\/psicologa-aversa.it\\\/index.php\\\/sostegno-alla-genitorialita-e-maternita\\\/\",\"url\":\"https:\\\/\\\/psicologa-aversa.it\\\/index.php\\\/sostegno-alla-genitorialita-e-maternita\\\/\",\"name\":\"Sostegno alla genitorialit\u00e0 e maternit\u00e0 - Psicologa Aversa - Assunta Sagliocco\",\"isPartOf\":{\"@id\":\"https:\\\/\\\/psicologa-aversa.it\\\/#website\"},\"primaryImageOfPage\":{\"@id\":\"https:\\\/\\\/psicologa-aversa.it\\\/index.php\\\/sostegno-alla-genitorialita-e-maternita\\\/#primaryimage\"},\"image\":{\"@id\":\"https:\\\/\\\/psicologa-aversa.it\\\/index.php\\\/sostegno-alla-genitorialita-e-maternita\\\/#primaryimage\"},\"thumbnailUrl\":\"https:\\\/\\\/psicologa-aversa.it\\\/wp-content\\\/uploads\\\/2023\\\/01\\\/pregnancy-gfaed3a73d_1920-1024x683.jpg\",\"datePublished\":\"2023-01-03T12:24:33+00:00\",\"dateModified\":\"2023-01-07T12:45:28+00:00\",\"breadcrumb\":{\"@id\":\"https:\\\/\\\/psicologa-aversa.it\\\/index.php\\\/sostegno-alla-genitorialita-e-maternita\\\/#breadcrumb\"},\"inLanguage\":\"it-IT\",\"potentialAction\":[{\"@type\":\"ReadAction\",\"target\":[\"https:\\\/\\\/psicologa-aversa.it\\\/index.php\\\/sostegno-alla-genitorialita-e-maternita\\\/\"]}]},{\"@type\":\"ImageObject\",\"inLanguage\":\"it-IT\",\"@id\":\"https:\\\/\\\/psicologa-aversa.it\\\/index.php\\\/sostegno-alla-genitorialita-e-maternita\\\/#primaryimage\",\"url\":\"https:\\\/\\\/psicologa-aversa.it\\\/wp-content\\\/uploads\\\/2023\\\/01\\\/pregnancy-gfaed3a73d_1920.jpg\",\"contentUrl\":\"https:\\\/\\\/psicologa-aversa.it\\\/wp-content\\\/uploads\\\/2023\\\/01\\\/pregnancy-gfaed3a73d_1920.jpg\",\"width\":1920,\"height\":1280},{\"@type\":\"BreadcrumbList\",\"@id\":\"https:\\\/\\\/psicologa-aversa.it\\\/index.php\\\/sostegno-alla-genitorialita-e-maternita\\\/#breadcrumb\",\"itemListElement\":[{\"@type\":\"ListItem\",\"position\":1,\"name\":\"Home\",\"item\":\"https:\\\/\\\/psicologa-aversa.it\\\/\"},{\"@type\":\"ListItem\",\"position\":2,\"name\":\"Sostegno alla genitorialit\u00e0 e maternit\u00e0\"}]},{\"@type\":\"WebSite\",\"@id\":\"https:\\\/\\\/psicologa-aversa.it\\\/#website\",\"url\":\"https:\\\/\\\/psicologa-aversa.it\\\/\",\"name\":\"Psicologa Aversa - Assunta Sagliocco\",\"description\":\"La stanza di una psicologa\",\"publisher\":{\"@id\":\"https:\\\/\\\/psicologa-aversa.it\\\/#\\\/schema\\\/person\\\/27573329565b6e877df35fee55a0c405\"},\"potentialAction\":[{\"@type\":\"SearchAction\",\"target\":{\"@type\":\"EntryPoint\",\"urlTemplate\":\"https:\\\/\\\/psicologa-aversa.it\\\/?s={search_term_string}\"},\"query-input\":{\"@type\":\"PropertyValueSpecification\",\"valueRequired\":true,\"valueName\":\"search_term_string\"}}],\"inLanguage\":\"it-IT\"},{\"@type\":[\"Person\",\"Organization\"],\"@id\":\"https:\\\/\\\/psicologa-aversa.it\\\/#\\\/schema\\\/person\\\/27573329565b6e877df35fee55a0c405\",\"name\":\"Psicologa Assunta Sagliocco\",\"image\":{\"@type\":\"ImageObject\",\"inLanguage\":\"it-IT\",\"@id\":\"https:\\\/\\\/secure.gravatar.com\\\/avatar\\\/af6fcfb4b8b27811ecae902aba440d38f4ba452bef7f489b6112a35e4f650bf9?s=96&d=mm&r=g\",\"url\":\"https:\\\/\\\/secure.gravatar.com\\\/avatar\\\/af6fcfb4b8b27811ecae902aba440d38f4ba452bef7f489b6112a35e4f650bf9?s=96&d=mm&r=g\",\"contentUrl\":\"https:\\\/\\\/secure.gravatar.com\\\/avatar\\\/af6fcfb4b8b27811ecae902aba440d38f4ba452bef7f489b6112a35e4f650bf9?s=96&d=mm&r=g\",\"caption\":\"Psicologa Assunta Sagliocco\"},\"logo\":{\"@id\":\"https:\\\/\\\/secure.gravatar.com\\\/avatar\\\/af6fcfb4b8b27811ecae902aba440d38f4ba452bef7f489b6112a35e4f650bf9?s=96&d=mm&r=g\"},\"sameAs\":[\"https:\\\/\\\/psicologa-aversa.it\",\"https:\\\/\\\/www.facebook.com\\\/profile.php?id=100086360235841\",\"https:\\\/\\\/www.instagram.com\\\/lastanzadiunapsicologa\\\/\"]}]}<\/script>\n<!-- \/ Yoast SEO plugin. -->","yoast_head_json":{"title":"Sostegno alla genitorialit\u00e0 e maternit\u00e0 - Psicologa Aversa - Assunta Sagliocco","robots":{"index":"index","follow":"follow","max-snippet":"max-snippet:-1","max-image-preview":"max-image-preview:large","max-video-preview":"max-video-preview:-1"},"canonical":"https:\/\/psicologa-aversa.it\/index.php\/sostegno-alla-genitorialita-e-maternita\/","og_locale":"it_IT","og_type":"article","og_title":"Sostegno alla genitorialit\u00e0 e maternit\u00e0 - Psicologa Aversa - Assunta Sagliocco","og_description":"Essere genitori \u00e8 un lavoro a cui nessuno ti prepara. Sia che l&#8217;hai desiderato con tutto te stesso, sia che sia arrivato all&#8217;improvviso senza preavviso, l&#8217;arrivo di un bambino scombussola ogni cosa.Non esiste pi\u00f9 un io o un noi come coppia, ma esiste il figlio che porta con s\u00e9 nuovi modi di amare, nuove dinamiche, [&hellip;]","og_url":"https:\/\/psicologa-aversa.it\/index.php\/sostegno-alla-genitorialita-e-maternita\/","og_site_name":"Psicologa Aversa - Assunta Sagliocco","article_publisher":"https:\/\/www.facebook.com\/profile.php?id=100086360235841","article_modified_time":"2023-01-07T12:45:28+00:00","og_image":[{"url":"https:\/\/psicologa-aversa.it\/wp-content\/uploads\/2023\/01\/pregnancy-gfaed3a73d_1920-1024x683.jpg","type":"","width":"","height":""}],"twitter_card":"summary_large_image","twitter_misc":{"Tempo di lettura stimato":"1 minuto"},"schema":{"@context":"https:\/\/schema.org","@graph":[{"@type":"WebPage","@id":"https:\/\/psicologa-aversa.it\/index.php\/sostegno-alla-genitorialita-e-maternita\/","url":"https:\/\/psicologa-aversa.it\/index.php\/sostegno-alla-genitorialita-e-maternita\/","name":"Sostegno alla genitorialit\u00e0 e maternit\u00e0 - Psicologa Aversa - Assunta Sagliocco","isPartOf":{"@id":"https:\/\/psicologa-aversa.it\/#website"},"primaryImageOfPage":{"@id":"https:\/\/psicologa-aversa.it\/index.php\/sostegno-alla-genitorialita-e-maternita\/#primaryimage"},"image":{"@id":"https:\/\/psicologa-aversa.it\/index.php\/sostegno-alla-genitorialita-e-maternita\/#primaryimage"},"thumbnailUrl":"https:\/\/psicologa-aversa.it\/wp-content\/uploads\/2023\/01\/pregnancy-gfaed3a73d_1920-1024x683.jpg","datePublished":"2023-01-03T12:24:33+00:00","dateModified":"2023-01-07T12:45:28+00:00","breadcrumb":{"@id":"https:\/\/psicologa-aversa.it\/index.php\/sostegno-alla-genitorialita-e-maternita\/#breadcrumb"},"inLanguage":"it-IT","potentialAction":[{"@type":"ReadAction","target":["https:\/\/psicologa-aversa.it\/index.php\/sostegno-alla-genitorialita-e-maternita\/"]}]},{"@type":"ImageObject","inLanguage":"it-IT","@id":"https:\/\/psicologa-aversa.it\/index.php\/sostegno-alla-genitorialita-e-maternita\/#primaryimage","url":"https:\/\/psicologa-aversa.it\/wp-content\/uploads\/2023\/01\/pregnancy-gfaed3a73d_1920.jpg","contentUrl":"https:\/\/psicologa-aversa.it\/wp-content\/uploads\/2023\/01\/pregnancy-gfaed3a73d_1920.jpg","width":1920,"height":1280},{"@type":"BreadcrumbList","@id":"https:\/\/psicologa-aversa.it\/index.php\/sostegno-alla-genitorialita-e-maternita\/#breadcrumb","itemListElement":[{"@type":"ListItem","position":1,"name":"Home","item":"https:\/\/psicologa-aversa.it\/"},{"@type":"ListItem","position":2,"name":"Sostegno alla genitorialit\u00e0 e maternit\u00e0"}]},{"@type":"WebSite","@id":"https:\/\/psicologa-aversa.it\/#website","url":"https:\/\/psicologa-aversa.it\/","name":"Psicologa Aversa - Assunta Sagliocco","description":"La stanza di una psicologa","publisher":{"@id":"https:\/\/psicologa-aversa.it\/#\/schema\/person\/27573329565b6e877df35fee55a0c405"},"potentialAction":[{"@type":"SearchAction","target":{"@type":"EntryPoint","urlTemplate":"https:\/\/psicologa-aversa.it\/?s={search_term_string}"},"query-input":{"@type":"PropertyValueSpecification","valueRequired":true,"valueName":"search_term_string"}}],"inLanguage":"it-IT"},{"@type":["Person","Organization"],"@id":"https:\/\/psicologa-aversa.it\/#\/schema\/person\/27573329565b6e877df35fee55a0c405","name":"Psicologa Assunta Sagliocco","image":{"@type":"ImageObject","inLanguage":"it-IT","@id":"https:\/\/secure.gravatar.com\/avatar\/af6fcfb4b8b27811ecae902aba440d38f4ba452bef7f489b6112a35e4f650bf9?s=96&d=mm&r=g","url":"https:\/\/secure.gravatar.com\/avatar\/af6fcfb4b8b27811ecae902aba440d38f4ba452bef7f489b6112a35e4f650bf9?s=96&d=mm&r=g","contentUrl":"https:\/\/secure.gravatar.com\/avatar\/af6fcfb4b8b27811ecae902aba440d38f4ba452bef7f489b6112a35e4f650bf9?s=96&d=mm&r=g","caption":"Psicologa Assunta Sagliocco"},"logo":{"@id":"https:\/\/secure.gravatar.com\/avatar\/af6fcfb4b8b27811ecae902aba440d38f4ba452bef7f489b6112a35e4f650bf9?s=96&d=mm&r=g"},"sameAs":["https:\/\/psicologa-aversa.it","https:\/\/www.facebook.com\/profile.php?id=100086360235841","https:\/\/www.instagram.com\/lastanzadiunapsicologa\/"]}]}},"_links":{"self":[{"href":"https:\/\/psicologa-aversa.it\/index.php\/wp-json\/wp\/v2\/pages\/108","targetHints":{"allow":["GET"]}}],"collection":[{"href":"https:\/\/psicologa-aversa.it\/index.php\/wp-json\/wp\/v2\/pages"}],"about":[{"href":"https:\/\/psicologa-aversa.it\/index.php\/wp-json\/wp\/v2\/types\/page"}],"author":[{"embeddable":true,"href":"https:\/\/psicologa-aversa.it\/index.php\/wp-json\/wp\/v2\/users\/1"}],"replies":[{"embeddable":true,"href":"https:\/\/psicologa-aversa.it\/index.php\/wp-json\/wp\/v2\/comments?post=108"}],"version-history":[{"count":16,"href":"https:\/\/psicologa-aversa.it\/index.php\/wp-json\/wp\/v2\/pages\/108\/revisions"}],"predecessor-version":[{"id":254,"href":"https:\/\/psicologa-aversa.it\/index.php\/wp-json\/wp\/v2\/pages\/108\/revisions\/254"}],"wp:attachment":[{"href":"https:\/\/psicologa-aversa.it\/index.php\/wp-json\/wp\/v2\/media?parent=108"}],"curies":[{"name":"wp","href":"https:\/\/api.w.org\/{rel}","templated":true}]}}