{"id":27,"date":"2022-12-31T17:45:16","date_gmt":"2022-12-31T16:45:16","guid":{"rendered":"https:\/\/psicologa-aversa.it\/?page_id=27"},"modified":"2023-01-08T15:49:32","modified_gmt":"2023-01-08T14:49:32","slug":"psicologia-della-salute-e-del-benessere","status":"publish","type":"page","link":"https:\/\/psicologa-aversa.it\/index.php\/psicologia-della-salute-e-del-benessere\/","title":{"rendered":"Psicologia della Salute e del Benessere"},"content":{"rendered":"\n<div class=\"wp-block-group alignfull has-raft-bg-background-color has-background is-layout-constrained wp-block-group-is-layout-constrained\">\n<div class=\"wp-block-columns alignwide is-layout-flex wp-container-core-columns-is-layout-7387b849 wp-block-columns-is-layout-flex\">\n<div class=\"wp-block-column is-layout-flow wp-block-column-is-layout-flow\">\n<div style=\"height:5px\" aria-hidden=\"true\" class=\"wp-block-spacer\"><\/div>\n<\/div>\n<\/div>\n\n\n\n<div class=\"wp-block-columns alignwide is-layout-flex wp-container-core-columns-is-layout-7387b849 wp-block-columns-is-layout-flex\">\n<div class=\"wp-block-column is-layout-flow wp-block-column-is-layout-flow\" style=\"flex-basis:50.29%\">\n<p class=\"has-text-color has-extra-small-font-size wp-block-paragraph\" style=\"color:#000000\">Mi occupo della promozione di<strong> atteggiamenti e comportamenti<\/strong> che migliorino il <strong>benessere e la qualit\u00e0 della vita<\/strong>, sia a livello individuale che collettivo, prevenendo l&#8217;insorgenza di disturbi e patologie mediche, in adulti, adolescenti e bambini.<\/p>\n\n\n\n<p class=\"wp-block-paragraph\">In particolare:<\/p>\n\n\n\n<ul class=\"wp-block-list\">\n<li>Diagnosi, prevenzione , abilitazione\/riabilitazione<\/li>\n\n\n\n<li>Sostegno e consulenza psicologica<\/li>\n\n\n\n<li>Percorsi di crescita individuale<\/li>\n\n\n\n<li>Problemi di autostima, assertivit\u00e0, comunicazione efficace<\/li>\n<\/ul>\n<\/div>\n\n\n\n<div class=\"wp-block-column is-layout-flow wp-block-column-is-layout-flow\" style=\"flex-basis:49.71%\">\n<figure class=\"wp-block-image size-large\"><img loading=\"lazy\" decoding=\"async\" width=\"1024\" height=\"683\" src=\"https:\/\/psicologa-aversa.it\/wp-content\/uploads\/2023\/01\/motivational-cross-stitch-1024x683.jpg\" alt=\"\" class=\"wp-image-87\" srcset=\"https:\/\/psicologa-aversa.it\/wp-content\/uploads\/2023\/01\/motivational-cross-stitch-1024x683.jpg 1024w, https:\/\/psicologa-aversa.it\/wp-content\/uploads\/2023\/01\/motivational-cross-stitch-300x200.jpg 300w, https:\/\/psicologa-aversa.it\/wp-content\/uploads\/2023\/01\/motivational-cross-stitch-768x512.jpg 768w, https:\/\/psicologa-aversa.it\/wp-content\/uploads\/2023\/01\/motivational-cross-stitch-1536x1024.jpg 1536w, https:\/\/psicologa-aversa.it\/wp-content\/uploads\/2023\/01\/motivational-cross-stitch-2048x1365.jpg 2048w\" sizes=\"auto, (max-width: 1024px) 100vw, 1024px\" \/><\/figure>\n<\/div>\n<\/div>\n\n\n\n<div class=\"wp-block-columns alignwide is-layout-flex wp-container-core-columns-is-layout-7387b849 wp-block-columns-is-layout-flex\">\n<div class=\"wp-block-column is-layout-flow wp-block-column-is-layout-flow\" style=\"flex-basis:67%\">\n<figure class=\"wp-block-image alignright size-large\"><img loading=\"lazy\" decoding=\"async\" width=\"1024\" height=\"683\" src=\"https:\/\/psicologa-aversa.it\/wp-content\/uploads\/2023\/01\/yoga-gb1a748eb7_1920-1024x683.jpg\" alt=\"\" class=\"wp-image-215\" srcset=\"https:\/\/psicologa-aversa.it\/wp-content\/uploads\/2023\/01\/yoga-gb1a748eb7_1920-1024x683.jpg 1024w, https:\/\/psicologa-aversa.it\/wp-content\/uploads\/2023\/01\/yoga-gb1a748eb7_1920-300x200.jpg 300w, https:\/\/psicologa-aversa.it\/wp-content\/uploads\/2023\/01\/yoga-gb1a748eb7_1920-768x512.jpg 768w, https:\/\/psicologa-aversa.it\/wp-content\/uploads\/2023\/01\/yoga-gb1a748eb7_1920-1536x1024.jpg 1536w, https:\/\/psicologa-aversa.it\/wp-content\/uploads\/2023\/01\/yoga-gb1a748eb7_1920.jpg 1920w\" sizes=\"auto, (max-width: 1024px) 100vw, 1024px\" \/><\/figure>\n<\/div>\n\n\n\n<div class=\"wp-block-column is-vertically-aligned-center is-layout-flow wp-block-column-is-layout-flow\" style=\"flex-basis:33%\">\n<p class=\"has-text-color has-extra-small-font-size wp-block-paragraph\" style=\"color:#000000\">La sofferenza che sperimentiamo, in gran parte, non deriva da ci\u00f2 che ci capita nella vita ma<strong> dal modo in cui percepiamo, gestiamo e viviamo ci\u00f2 che ci accade.<\/strong><br>Il modo per soffrire il meno possibile \u00e8 quello di stare a contatto con la realt\u00e0, percependola per quella che \u00e8.<br>La via per imparare a soffrire meno \u00e8 lavorare su s\u00e9 stessi e prendere consapevolezza. <strong>Diamoci valore.<\/strong><\/p>\n<\/div>\n<\/div>\n\n\n\n<div style=\"height:100px\" aria-hidden=\"true\" class=\"wp-block-spacer\"><\/div>\n<\/div>\n\n\n\n<div id=\"wp-block-themeisle-blocks-advanced-columns-678cc482\" class=\"wp-block-themeisle-blocks-advanced-columns alignfull has-1-columns has-desktop-equal-layout has-tablet-equal-layout has-mobile-collapsedRows-layout has-reverse-columns-mobile has-vertical-bottom ticss-c00aadba\"><div class=\"wp-block-themeisle-blocks-advanced-columns-overlay\"><\/div><div class=\"innerblocks-wrap\">\n<div id=\"wp-block-themeisle-blocks-advanced-column-4d412c51\" class=\"wp-block-themeisle-blocks-advanced-column\">\n<h2 id=\"wp-block-themeisle-blocks-advanced-heading-fb3c7a39\" class=\"wp-block-themeisle-blocks-advanced-heading wp-block-themeisle-blocks-advanced-heading-fb3c7a39\">Per qualsiasi informazione o per un appuntamento, scrivimi<\/h2>\n\n\n\n<div class=\"wp-block-buttons is-content-justification-center is-layout-flex wp-container-core-buttons-is-layout-3e41869c wp-block-buttons-is-layout-flex\">\n<div class=\"wp-block-button is-style-primary\"><a class=\"wp-block-button__link wp-element-button\" href=\"https:\/\/wa.me\/393755716896\">Contattami ora<\/a><\/div>\n<\/div>\n<\/div>\n<\/div><\/div>\n\n\n\n<div class=\"wp-block-group alignfull is-layout-flow wp-block-group-is-layout-flow\">\n<div class=\"wp-block-group alignwide is-content-justification-space-between is-layout-flex wp-container-core-group-is-layout-913653d6 wp-block-group-is-layout-flex\" style=\"padding-top:4em;padding-bottom:2em\"><h3 style=\"font-style:normal;font-weight:700;\" class=\"wp-block-site-title has-medium-font-size\"><a href=\"https:\/\/psicologa-aversa.it\" target=\"_self\" rel=\"home\">Psicologa Aversa &#8211; Assunta Sagliocco<\/a><\/h3>\n\n\n<p class=\"has-small-font-size wp-block-paragraph\">Copyright 2023 \u00ae All rights reserved<\/p>\n<\/div>\n<\/div>\n","protected":false},"excerpt":{"rendered":"<p>Mi occupo della promozione di atteggiamenti e comportamenti che migliorino il benessere e la qualit\u00e0 della vita, sia a livello individuale che collettivo, prevenendo l&#8217;insorgenza di disturbi e patologie mediche, in adulti, adolescenti e bambini. In particolare: La sofferenza che sperimentiamo, in gran parte, non deriva da ci\u00f2 che ci capita nella vita ma dal [&hellip;]<\/p>\n","protected":false},"author":1,"featured_media":0,"parent":0,"menu_order":0,"comment_status":"closed","ping_status":"closed","template":"","meta":{"_bbp_topic_count":0,"_bbp_reply_count":0,"_bbp_total_topic_count":0,"_bbp_total_reply_count":0,"_bbp_voice_count":0,"_bbp_anonymous_reply_count":0,"_bbp_topic_count_hidden":0,"_bbp_reply_count_hidden":0,"_bbp_forum_subforum_count":0,"_crdt_document":"","_themeisle_gutenberg_block_has_review":false,"footnotes":""},"class_list":["post-27","page","type-page","status-publish","hentry"],"yoast_head":"<!-- This site is optimized with the Yoast SEO plugin v27.4 - https:\/\/yoast.com\/product\/yoast-seo-wordpress\/ -->\n<title>Psicologia della Salute e del Benessere - Psicologa Aversa - Assunta Sagliocco<\/title>\n<meta name=\"robots\" content=\"index, follow, max-snippet:-1, max-image-preview:large, max-video-preview:-1\" \/>\n<link rel=\"canonical\" href=\"https:\/\/psicologa-aversa.it\/index.php\/psicologia-della-salute-e-del-benessere\/\" \/>\n<meta property=\"og:locale\" content=\"it_IT\" \/>\n<meta property=\"og:type\" content=\"article\" \/>\n<meta property=\"og:title\" content=\"Psicologia della Salute e del Benessere - Psicologa Aversa - Assunta Sagliocco\" \/>\n<meta property=\"og:description\" content=\"Mi occupo della promozione di atteggiamenti e comportamenti che migliorino il benessere e la qualit\u00e0 della vita, sia a livello individuale che collettivo, prevenendo l&#8217;insorgenza di disturbi e patologie mediche, in adulti, adolescenti e bambini. In particolare: La sofferenza che sperimentiamo, in gran parte, non deriva da ci\u00f2 che ci capita nella vita ma dal [&hellip;]\" \/>\n<meta property=\"og:url\" content=\"https:\/\/psicologa-aversa.it\/index.php\/psicologia-della-salute-e-del-benessere\/\" \/>\n<meta property=\"og:site_name\" content=\"Psicologa Aversa - Assunta Sagliocco\" \/>\n<meta property=\"article:publisher\" content=\"https:\/\/www.facebook.com\/profile.php?id=100086360235841\" \/>\n<meta property=\"article:modified_time\" content=\"2023-01-08T14:49:32+00:00\" \/>\n<meta property=\"og:image\" content=\"https:\/\/psicologa-aversa.it\/wp-content\/uploads\/2023\/01\/motivational-cross-stitch-1024x683.jpg\" \/>\n<meta name=\"twitter:card\" content=\"summary_large_image\" \/>\n<meta name=\"twitter:label1\" content=\"Tempo di lettura stimato\" \/>\n\t<meta name=\"twitter:data1\" content=\"1 minuto\" \/>\n<script type=\"application\/ld+json\" class=\"yoast-schema-graph\">{\"@context\":\"https:\\\/\\\/schema.org\",\"@graph\":[{\"@type\":\"WebPage\",\"@id\":\"https:\\\/\\\/psicologa-aversa.it\\\/index.php\\\/psicologia-della-salute-e-del-benessere\\\/\",\"url\":\"https:\\\/\\\/psicologa-aversa.it\\\/index.php\\\/psicologia-della-salute-e-del-benessere\\\/\",\"name\":\"Psicologia della Salute e del Benessere - Psicologa Aversa - Assunta Sagliocco\",\"isPartOf\":{\"@id\":\"https:\\\/\\\/psicologa-aversa.it\\\/#website\"},\"primaryImageOfPage\":{\"@id\":\"https:\\\/\\\/psicologa-aversa.it\\\/index.php\\\/psicologia-della-salute-e-del-benessere\\\/#primaryimage\"},\"image\":{\"@id\":\"https:\\\/\\\/psicologa-aversa.it\\\/index.php\\\/psicologia-della-salute-e-del-benessere\\\/#primaryimage\"},\"thumbnailUrl\":\"https:\\\/\\\/psicologa-aversa.it\\\/wp-content\\\/uploads\\\/2023\\\/01\\\/motivational-cross-stitch-1024x683.jpg\",\"datePublished\":\"2022-12-31T16:45:16+00:00\",\"dateModified\":\"2023-01-08T14:49:32+00:00\",\"breadcrumb\":{\"@id\":\"https:\\\/\\\/psicologa-aversa.it\\\/index.php\\\/psicologia-della-salute-e-del-benessere\\\/#breadcrumb\"},\"inLanguage\":\"it-IT\",\"potentialAction\":[{\"@type\":\"ReadAction\",\"target\":[\"https:\\\/\\\/psicologa-aversa.it\\\/index.php\\\/psicologia-della-salute-e-del-benessere\\\/\"]}]},{\"@type\":\"ImageObject\",\"inLanguage\":\"it-IT\",\"@id\":\"https:\\\/\\\/psicologa-aversa.it\\\/index.php\\\/psicologia-della-salute-e-del-benessere\\\/#primaryimage\",\"url\":\"https:\\\/\\\/psicologa-aversa.it\\\/wp-content\\\/uploads\\\/2023\\\/01\\\/motivational-cross-stitch-scaled.jpg\",\"contentUrl\":\"https:\\\/\\\/psicologa-aversa.it\\\/wp-content\\\/uploads\\\/2023\\\/01\\\/motivational-cross-stitch-scaled.jpg\",\"width\":2560,\"height\":1706},{\"@type\":\"BreadcrumbList\",\"@id\":\"https:\\\/\\\/psicologa-aversa.it\\\/index.php\\\/psicologia-della-salute-e-del-benessere\\\/#breadcrumb\",\"itemListElement\":[{\"@type\":\"ListItem\",\"position\":1,\"name\":\"Home\",\"item\":\"https:\\\/\\\/psicologa-aversa.it\\\/\"},{\"@type\":\"ListItem\",\"position\":2,\"name\":\"Psicologia della Salute e del Benessere\"}]},{\"@type\":\"WebSite\",\"@id\":\"https:\\\/\\\/psicologa-aversa.it\\\/#website\",\"url\":\"https:\\\/\\\/psicologa-aversa.it\\\/\",\"name\":\"Psicologa Aversa - Assunta Sagliocco\",\"description\":\"La stanza di una psicologa\",\"publisher\":{\"@id\":\"https:\\\/\\\/psicologa-aversa.it\\\/#\\\/schema\\\/person\\\/27573329565b6e877df35fee55a0c405\"},\"potentialAction\":[{\"@type\":\"SearchAction\",\"target\":{\"@type\":\"EntryPoint\",\"urlTemplate\":\"https:\\\/\\\/psicologa-aversa.it\\\/?s={search_term_string}\"},\"query-input\":{\"@type\":\"PropertyValueSpecification\",\"valueRequired\":true,\"valueName\":\"search_term_string\"}}],\"inLanguage\":\"it-IT\"},{\"@type\":[\"Person\",\"Organization\"],\"@id\":\"https:\\\/\\\/psicologa-aversa.it\\\/#\\\/schema\\\/person\\\/27573329565b6e877df35fee55a0c405\",\"name\":\"Psicologa Assunta Sagliocco\",\"image\":{\"@type\":\"ImageObject\",\"inLanguage\":\"it-IT\",\"@id\":\"https:\\\/\\\/secure.gravatar.com\\\/avatar\\\/af6fcfb4b8b27811ecae902aba440d38f4ba452bef7f489b6112a35e4f650bf9?s=96&d=mm&r=g\",\"url\":\"https:\\\/\\\/secure.gravatar.com\\\/avatar\\\/af6fcfb4b8b27811ecae902aba440d38f4ba452bef7f489b6112a35e4f650bf9?s=96&d=mm&r=g\",\"contentUrl\":\"https:\\\/\\\/secure.gravatar.com\\\/avatar\\\/af6fcfb4b8b27811ecae902aba440d38f4ba452bef7f489b6112a35e4f650bf9?s=96&d=mm&r=g\",\"caption\":\"Psicologa Assunta Sagliocco\"},\"logo\":{\"@id\":\"https:\\\/\\\/secure.gravatar.com\\\/avatar\\\/af6fcfb4b8b27811ecae902aba440d38f4ba452bef7f489b6112a35e4f650bf9?s=96&d=mm&r=g\"},\"sameAs\":[\"https:\\\/\\\/psicologa-aversa.it\",\"https:\\\/\\\/www.facebook.com\\\/profile.php?id=100086360235841\",\"https:\\\/\\\/www.instagram.com\\\/lastanzadiunapsicologa\\\/\"]}]}<\/script>\n<!-- \/ Yoast SEO plugin. -->","yoast_head_json":{"title":"Psicologia della Salute e del Benessere - Psicologa Aversa - Assunta Sagliocco","robots":{"index":"index","follow":"follow","max-snippet":"max-snippet:-1","max-image-preview":"max-image-preview:large","max-video-preview":"max-video-preview:-1"},"canonical":"https:\/\/psicologa-aversa.it\/index.php\/psicologia-della-salute-e-del-benessere\/","og_locale":"it_IT","og_type":"article","og_title":"Psicologia della Salute e del Benessere - Psicologa Aversa - Assunta Sagliocco","og_description":"Mi occupo della promozione di atteggiamenti e comportamenti che migliorino il benessere e la qualit\u00e0 della vita, sia a livello individuale che collettivo, prevenendo l&#8217;insorgenza di disturbi e patologie mediche, in adulti, adolescenti e bambini. In particolare: La sofferenza che sperimentiamo, in gran parte, non deriva da ci\u00f2 che ci capita nella vita ma dal [&hellip;]","og_url":"https:\/\/psicologa-aversa.it\/index.php\/psicologia-della-salute-e-del-benessere\/","og_site_name":"Psicologa Aversa - Assunta Sagliocco","article_publisher":"https:\/\/www.facebook.com\/profile.php?id=100086360235841","article_modified_time":"2023-01-08T14:49:32+00:00","og_image":[{"url":"https:\/\/psicologa-aversa.it\/wp-content\/uploads\/2023\/01\/motivational-cross-stitch-1024x683.jpg","type":"","width":"","height":""}],"twitter_card":"summary_large_image","twitter_misc":{"Tempo di lettura stimato":"1 minuto"},"schema":{"@context":"https:\/\/schema.org","@graph":[{"@type":"WebPage","@id":"https:\/\/psicologa-aversa.it\/index.php\/psicologia-della-salute-e-del-benessere\/","url":"https:\/\/psicologa-aversa.it\/index.php\/psicologia-della-salute-e-del-benessere\/","name":"Psicologia della Salute e del Benessere - Psicologa Aversa - Assunta Sagliocco","isPartOf":{"@id":"https:\/\/psicologa-aversa.it\/#website"},"primaryImageOfPage":{"@id":"https:\/\/psicologa-aversa.it\/index.php\/psicologia-della-salute-e-del-benessere\/#primaryimage"},"image":{"@id":"https:\/\/psicologa-aversa.it\/index.php\/psicologia-della-salute-e-del-benessere\/#primaryimage"},"thumbnailUrl":"https:\/\/psicologa-aversa.it\/wp-content\/uploads\/2023\/01\/motivational-cross-stitch-1024x683.jpg","datePublished":"2022-12-31T16:45:16+00:00","dateModified":"2023-01-08T14:49:32+00:00","breadcrumb":{"@id":"https:\/\/psicologa-aversa.it\/index.php\/psicologia-della-salute-e-del-benessere\/#breadcrumb"},"inLanguage":"it-IT","potentialAction":[{"@type":"ReadAction","target":["https:\/\/psicologa-aversa.it\/index.php\/psicologia-della-salute-e-del-benessere\/"]}]},{"@type":"ImageObject","inLanguage":"it-IT","@id":"https:\/\/psicologa-aversa.it\/index.php\/psicologia-della-salute-e-del-benessere\/#primaryimage","url":"https:\/\/psicologa-aversa.it\/wp-content\/uploads\/2023\/01\/motivational-cross-stitch-scaled.jpg","contentUrl":"https:\/\/psicologa-aversa.it\/wp-content\/uploads\/2023\/01\/motivational-cross-stitch-scaled.jpg","width":2560,"height":1706},{"@type":"BreadcrumbList","@id":"https:\/\/psicologa-aversa.it\/index.php\/psicologia-della-salute-e-del-benessere\/#breadcrumb","itemListElement":[{"@type":"ListItem","position":1,"name":"Home","item":"https:\/\/psicologa-aversa.it\/"},{"@type":"ListItem","position":2,"name":"Psicologia della Salute e del Benessere"}]},{"@type":"WebSite","@id":"https:\/\/psicologa-aversa.it\/#website","url":"https:\/\/psicologa-aversa.it\/","name":"Psicologa Aversa - Assunta Sagliocco","description":"La stanza di una psicologa","publisher":{"@id":"https:\/\/psicologa-aversa.it\/#\/schema\/person\/27573329565b6e877df35fee55a0c405"},"potentialAction":[{"@type":"SearchAction","target":{"@type":"EntryPoint","urlTemplate":"https:\/\/psicologa-aversa.it\/?s={search_term_string}"},"query-input":{"@type":"PropertyValueSpecification","valueRequired":true,"valueName":"search_term_string"}}],"inLanguage":"it-IT"},{"@type":["Person","Organization"],"@id":"https:\/\/psicologa-aversa.it\/#\/schema\/person\/27573329565b6e877df35fee55a0c405","name":"Psicologa Assunta Sagliocco","image":{"@type":"ImageObject","inLanguage":"it-IT","@id":"https:\/\/secure.gravatar.com\/avatar\/af6fcfb4b8b27811ecae902aba440d38f4ba452bef7f489b6112a35e4f650bf9?s=96&d=mm&r=g","url":"https:\/\/secure.gravatar.com\/avatar\/af6fcfb4b8b27811ecae902aba440d38f4ba452bef7f489b6112a35e4f650bf9?s=96&d=mm&r=g","contentUrl":"https:\/\/secure.gravatar.com\/avatar\/af6fcfb4b8b27811ecae902aba440d38f4ba452bef7f489b6112a35e4f650bf9?s=96&d=mm&r=g","caption":"Psicologa Assunta Sagliocco"},"logo":{"@id":"https:\/\/secure.gravatar.com\/avatar\/af6fcfb4b8b27811ecae902aba440d38f4ba452bef7f489b6112a35e4f650bf9?s=96&d=mm&r=g"},"sameAs":["https:\/\/psicologa-aversa.it","https:\/\/www.facebook.com\/profile.php?id=100086360235841","https:\/\/www.instagram.com\/lastanzadiunapsicologa\/"]}]}},"_links":{"self":[{"href":"https:\/\/psicologa-aversa.it\/index.php\/wp-json\/wp\/v2\/pages\/27","targetHints":{"allow":["GET"]}}],"collection":[{"href":"https:\/\/psicologa-aversa.it\/index.php\/wp-json\/wp\/v2\/pages"}],"about":[{"href":"https:\/\/psicologa-aversa.it\/index.php\/wp-json\/wp\/v2\/types\/page"}],"author":[{"embeddable":true,"href":"https:\/\/psicologa-aversa.it\/index.php\/wp-json\/wp\/v2\/users\/1"}],"replies":[{"embeddable":true,"href":"https:\/\/psicologa-aversa.it\/index.php\/wp-json\/wp\/v2\/comments?post=27"}],"version-history":[{"count":17,"href":"https:\/\/psicologa-aversa.it\/index.php\/wp-json\/wp\/v2\/pages\/27\/revisions"}],"predecessor-version":[{"id":313,"href":"https:\/\/psicologa-aversa.it\/index.php\/wp-json\/wp\/v2\/pages\/27\/revisions\/313"}],"wp:attachment":[{"href":"https:\/\/psicologa-aversa.it\/index.php\/wp-json\/wp\/v2\/media?parent=27"}],"curies":[{"name":"wp","href":"https:\/\/api.w.org\/{rel}","templated":true}]}}